{"id":1033,"date":"2023-10-15T17:36:27","date_gmt":"2023-10-15T15:36:27","guid":{"rendered":"http:\/\/41.77.117.237\/~parfelma\/?page_id=1033"},"modified":"2023-10-15T17:39:19","modified_gmt":"2023-10-15T15:39:19","slug":"mentions-legales","status":"publish","type":"page","link":"https:\/\/parfel.com\/en\/mentions-legales\/","title":{"rendered":"Mentions l\u00e9gales"},"content":{"rendered":"<div data-elementor-type=\"wp-page\" data-elementor-id=\"1033\" class=\"elementor elementor-1033\">\n\t\t\t\t\t\t\t<div class=\"elementor-element elementor-element-dbb94b9 e-flex e-con-boxed e-con e-parent\" data-id=\"dbb94b9\" data-element_type=\"container\" data-settings=\"{&quot;content_width&quot;:&quot;boxed&quot;}\" data-core-v316-plus=\"true\">\n\t\t\t\t\t<div class=\"e-con-inner\">\n\t\t\t\t<div class=\"elementor-element elementor-element-dec74dd elementor-widget elementor-widget-cms_breadcrumb\" data-id=\"dec74dd\" data-element_type=\"widget\" data-widget_type=\"cms_breadcrumb.default\">\n\t\t\t\t<div class=\"elementor-widget-container\">\n\t\t\t<div class=\"cms-ebreadcrumb cms-breadcrumb cms-breadcrumb-1 d-flex justify-content-start\">\n    <ul class=\"cms-breadcrumb unstyled\"><li><span class=\"breadcrumb-entry\" >Home<\/span><\/li><\/ul><\/div>\t\t<\/div>\n\t\t\t\t<\/div>\n\t\t\t\t\t<\/div>\n\t\t\t\t<\/div>\n\t\t<div class=\"elementor-element elementor-element-173479f e-flex e-con-boxed e-con e-parent\" data-id=\"173479f\" data-element_type=\"container\" data-settings=\"{&quot;content_width&quot;:&quot;boxed&quot;}\" data-core-v316-plus=\"true\">\n\t\t\t\t\t<div class=\"e-con-inner\">\n\t\t\t\t<div class=\"elementor-element elementor-element-d4ea15b elementor-widget elementor-widget-text-editor\" data-id=\"d4ea15b\" data-element_type=\"widget\" data-widget_type=\"text-editor.default\">\n\t\t\t\t<div class=\"elementor-widget-container\">\n\t\t\t<style>\/*! elementor - v3.18.0 - 06-12-2023 *\/\n.elementor-widget-text-editor.elementor-drop-cap-view-stacked .elementor-drop-cap{background-color:#69727d;color:#fff}.elementor-widget-text-editor.elementor-drop-cap-view-framed .elementor-drop-cap{color:#69727d;border:3px solid;background-color:transparent}.elementor-widget-text-editor:not(.elementor-drop-cap-view-default) .elementor-drop-cap{margin-top:8px}.elementor-widget-text-editor:not(.elementor-drop-cap-view-default) .elementor-drop-cap-letter{width:1em;height:1em}.elementor-widget-text-editor .elementor-drop-cap{float:left;text-align:center;line-height:1;font-size:50px}.elementor-widget-text-editor .elementor-drop-cap-letter{display:inline-block}<\/style>\t\t\t\t<p><span data-sheets-value=\"{&quot;1&quot;:2,&quot;2&quot;:&quot;En vigueur au 01\/10\/2023\\n \\nLa connexion et la navigation sur le Site https:\/\/parfel.ma\/ par l\u2019Utilisateur implique l\u2019acceptation int\u00e9grale et sans r\u00e9serve des pr\u00e9sentes Mentions L\u00e9gales.\\n\\nARTICLE 1 - L'EDITEUR\\n\\nL'\u00e9dition du Site est assur\u00e9e par la Soci\u00e9t\u00e9 Parfel Systems Maroc, ci-apr\u00e8s \u00ab la Soci\u00e9t\u00e9 \u00bb, SARL au capital social de 1 000 000 MAD, immatricul\u00e9e au Registre du Commerce et des Soci\u00e9t\u00e9s de Casablanca sous le num\u00e9ro 266741 et dont le si\u00e8ge social (lien vers la page Qui sommes-nous) est situ\u00e9 au 59, bd Mohamed Zerktouni 20100 Casablanca, Maroc.\\n\\nNum\u00e9ro de t\u00e9l\u00e9phone (+212) 06 18 23 71 15\\nAdresse e-mail : contact@parfel.ma.  \\n\\nARTICLE 2 - L'HEBERGEUR\\n\\nL'h\u00e9bergeur du Site est la soci\u00e9t\u00e9 Genious, dont le si\u00e8ge social est situ\u00e9 au 290, Assif B, Marrakech 40 000, enregistr\u00e9e au Registre du Commerce de Marrakech sous le num\u00e9ro 28655.\\n\\nARTICLE 3 - ACCES AU SITE\\n\\nLe Site est accessible en tout endroit, 7j\/7, 24h\/24 sauf cas de force majeure, interruption programm\u00e9e ou non et pouvant d\u00e9coulant d\u2019une n\u00e9cessit\u00e9 de maintenance.\\n\\nEn cas de modification, interruption ou suspension du Site, l'Editeur ne saurait \u00eatre tenu responsable.\\n\\nARTICLE 4 \u2013 PROPRIETE INTELLECTUELLE\\n\\nTout le contenu du Site, incluant, de fa\u00e7on non limitative les graphismes, images, textes, vid\u00e9os, animations, sons, logos, gifs et ic\u00f4nes ainsi que leur mise en forme, sont la propri\u00e9t\u00e9 exclusive de la Soci\u00e9t\u00e9 \u00e0 l\u2019exception des marques, logos ou contenus appartenant \u00e0 d\u2019autres soci\u00e9t\u00e9s partenaires ou auteurs.\\n\\nToute reproduction, distribution, modification, adaptation, retransmission ou publication, m\u00eame partielle, de ces diff\u00e9rents \u00e9l\u00e9ments est strictement interdite sans l\u2019accord expr\u00e8s par \u00e9crit de l\u2019\u00c9diteur. \\n\\nCette repr\u00e9sentation ou reproduction, par quelque proc\u00e9d\u00e9 que ce soit, constitue une contrefa\u00e7on pouvant engager la responsabilit\u00e9 civile et p\u00e9nale du contrefacteur. \\n\\nARTICLE 5 \u2013 MISE A JOUR DES INFORMATIONS\\n\\nL\u2019\u00c9diteur met en \u0153uvre tous les moyens pour assurer une information fiable et une mise \u00e0 jour fiable du Site. Toutefois, des erreurs ou omissions peuvent survenir. L\u2019Utilisateur devra donc s\u2019assurer de l\u2019exactitude des informations aupr\u00e8s de la Soci\u00e9t\u00e9, et signaler toutes modifications du site qu\u2019il jugerait utile. La Soci\u00e9t\u00e9 n\u2019est en aucun cas responsable de l\u2019utilisation faite de ces informations, et de tout pr\u00e9judice direct ou indirect pouvant en d\u00e9couler.\\n\\nARTICLE 6 \u2013 LIENS HYPERTEXTES\\n\\nLe Site peut offrir liens vers d\u2019autres sites internet ou d\u2019autres ressources disponibles sur Internet. La Soci\u00e9t\u00e9 ne dispose d\u2019aucun moyen pour contr\u00f4ler les sites en connexion avec le Site et ne r\u00e9pond pas de la disponibilit\u00e9 de tels sites et sources externes, ni ne la garantit. \\n\\nElle ne peut \u00eatre tenue pour responsable de tout dommage, de quelque nature que ce soit, r\u00e9sultant du contenu de ces sites ou sources externes, et notamment des informations, produits ou services qu\u2019ils proposent, ou de tout usage qui peut \u00eatre fait de ces \u00e9l\u00e9ments. Les risques li\u00e9s \u00e0 cette utilisation incombent pleinement \u00e0 l\u2019internaute, qui doit se conformer \u00e0 leurs conditions d\u2019utilisation.\\n\\nLes utilisateurs, les abonn\u00e9s et les visiteurs des sites Internet ne peuvent pas mettre en place un hyperlien en direction du Site sans l\u2019autorisation expresse et pr\u00e9alable de l\u2019\u00c9diteur. \\n\\nDans l\u2019hypoth\u00e8se o\u00f9 un Utilisateur souhaiterait mettre en place un lien hypertexte en direction du Site de la Soci\u00e9t\u00e9, il lui appartiendra d\u2019adresser un email \u00e0 l\u2019\u00c9diteur afin de formuler sa demande de mise en place d\u2019un hyperlien. L\u2019\u00c9diteur se r\u00e9serve le droit d\u2019accepter ou de refuser sans avoir \u00e0 en justifier sa d\u00e9cision.\\n\\nARTICLE 7 \u2013 LITIGES\\n\\nLes pr\u00e9sentes conditions du Site sont r\u00e9gies par les lois marocaines et toute contestation ou litiges qui pourraient na\u00eetre de l\u2019interpr\u00e9tation ou de l\u2019ex\u00e9cution de celles-ci rel\u00e8vent de la comp\u00e9tence exclusive des tribunaux dont d\u00e9pend le si\u00e8ge social de la soci\u00e9t\u00e9. La langue de r\u00e9f\u00e9rence, pour le r\u00e8glement de contentieux \u00e9ventuels, est le fran\u00e7ais. &quot;}\" data-sheets-userformat=\"{&quot;2&quot;:14593,&quot;3&quot;:{&quot;1&quot;:0,&quot;3&quot;:1},&quot;11&quot;:4,&quot;14&quot;:{&quot;1&quot;:3,&quot;3&quot;:1},&quot;15&quot;:&quot;Calibri&quot;,&quot;16&quot;:12}\" data-sheets-textstyleruns=\"{&quot;1&quot;:0,&quot;2&quot;:{&quot;2&quot;:{&quot;1&quot;:3,&quot;3&quot;:1},&quot;3&quot;:&quot;Calibri&quot;,&quot;4&quot;:12,&quot;6&quot;:1}}\uee10{&quot;1&quot;:26,&quot;2&quot;:{&quot;2&quot;:{&quot;1&quot;:3,&quot;3&quot;:1},&quot;3&quot;:&quot;Calibri&quot;,&quot;4&quot;:12}}\uee10{&quot;1&quot;:187,&quot;2&quot;:{&quot;2&quot;:{&quot;1&quot;:3,&quot;3&quot;:1},&quot;3&quot;:&quot;Calibri&quot;,&quot;4&quot;:12,&quot;5&quot;:1}}\uee10{&quot;1&quot;:210,&quot;2&quot;:{&quot;2&quot;:{&quot;1&quot;:3,&quot;3&quot;:1},&quot;3&quot;:&quot;Calibri&quot;,&quot;4&quot;:12}}\uee10{&quot;1&quot;:638,&quot;2&quot;:{&quot;2&quot;:{&quot;1&quot;:3,&quot;3&quot;:1},&quot;3&quot;:&quot;Calibri&quot;,&quot;4&quot;:12,&quot;5&quot;:1}}\uee10{&quot;1&quot;:662,&quot;2&quot;:{&quot;2&quot;:{&quot;1&quot;:3,&quot;3&quot;:1},&quot;3&quot;:&quot;Calibri&quot;,&quot;4&quot;:12}}\uee10{&quot;1&quot;:845,&quot;2&quot;:{&quot;2&quot;:{&quot;1&quot;:3,&quot;3&quot;:1},&quot;3&quot;:&quot;Calibri&quot;,&quot;4&quot;:12,&quot;5&quot;:1}}\uee10{&quot;1&quot;:871,&quot;2&quot;:{&quot;2&quot;:{&quot;1&quot;:3,&quot;3&quot;:1},&quot;3&quot;:&quot;Calibri&quot;,&quot;4&quot;:12}}\uee10{&quot;1&quot;:1142,&quot;2&quot;:{&quot;2&quot;:{&quot;1&quot;:3,&quot;3&quot;:1},&quot;3&quot;:&quot;Calibri&quot;,&quot;4&quot;:12,&quot;5&quot;:1}}\uee10{&quot;1&quot;:1179,&quot;2&quot;:{&quot;2&quot;:{&quot;1&quot;:3,&quot;3&quot;:1},&quot;3&quot;:&quot;Calibri&quot;,&quot;4&quot;:12}}\uee10{&quot;1&quot;:1868,&quot;2&quot;:{&quot;2&quot;:{&quot;1&quot;:3,&quot;3&quot;:1},&quot;3&quot;:&quot;Calibri&quot;,&quot;4&quot;:12,&quot;5&quot;:1}}\uee10{&quot;1&quot;:1909,&quot;2&quot;:{&quot;2&quot;:{&quot;1&quot;:3,&quot;3&quot;:1},&quot;3&quot;:&quot;Calibri&quot;,&quot;4&quot;:12}}\uee10{&quot;1&quot;:2375,&quot;2&quot;:{&quot;2&quot;:{&quot;1&quot;:3,&quot;3&quot;:1},&quot;3&quot;:&quot;Calibri&quot;,&quot;4&quot;:12,&quot;5&quot;:1}}\uee10{&quot;1&quot;:2405,&quot;2&quot;:{&quot;2&quot;:{&quot;1&quot;:3,&quot;3&quot;:1},&quot;3&quot;:&quot;Calibri&quot;,&quot;4&quot;:12}}\uee10{&quot;1&quot;:3603,&quot;2&quot;:{&quot;2&quot;:{&quot;1&quot;:3,&quot;3&quot;:1},&quot;3&quot;:&quot;Calibri&quot;,&quot;4&quot;:12,&quot;5&quot;:1}}\uee10{&quot;1&quot;:3624,&quot;2&quot;:{&quot;2&quot;:{&quot;1&quot;:3,&quot;3&quot;:1},&quot;3&quot;:&quot;Calibri&quot;,&quot;4&quot;:12}}\"><em>En vigueur au 01\/10\/2023<\/em><br \/><br \/>La connexion et la navigation sur le Site https:\/\/parfel.ma\/ par l\u2019Utilisateur implique l\u2019acceptation int\u00e9grale et sans r\u00e9serve des pr\u00e9sentes Mentions L\u00e9gales.<br \/><br \/><strong>ARTICLE 1 &#8211; L&rsquo;EDITEUR<\/strong><br \/><br \/>L&rsquo;\u00e9dition du Site est assur\u00e9e par la Soci\u00e9t\u00e9 Parfel Systems Maroc, ci-apr\u00e8s \u00ab la Soci\u00e9t\u00e9 \u00bb, SARL au capital social de 1 000 000 MAD, immatricul\u00e9e au Registre du Commerce et des Soci\u00e9t\u00e9s de Casablanca sous le num\u00e9ro 266741 et dont le si\u00e8ge social (lien vers la page Qui sommes-nous) est situ\u00e9 au 59, bd Mohamed Zerktouni 20100 Casablanca, Maroc.<br \/><br \/>Num\u00e9ro de t\u00e9l\u00e9phone (+212) 06 18 23 71 15<br \/>Adresse e-mail : contact@parfel.ma. <br \/><br \/><strong>ARTICLE 2 &#8211; L&rsquo;HEBERGEUR<\/strong><br \/><br \/>L&rsquo;h\u00e9bergeur du Site est la soci\u00e9t\u00e9 Genious, dont le si\u00e8ge social est situ\u00e9 au 290, Assif B, Marrakech 40 000, enregistr\u00e9e au Registre du Commerce de Marrakech sous le num\u00e9ro 28655.<br \/><br \/><strong>ARTICLE 3 &#8211; ACCES AU SITE<\/strong><br \/><br \/>Le Site est accessible en tout endroit, 7j\/7, 24h\/24 sauf cas de force majeure, interruption programm\u00e9e ou non et pouvant d\u00e9coulant d\u2019une n\u00e9cessit\u00e9 de maintenance.<br \/><br \/>En cas de modification, interruption ou suspension du Site, l&rsquo;Editeur ne saurait \u00eatre tenu responsable.<br \/><br \/><strong>ARTICLE 4 \u2013 PROPRIETE INTELLECTUELLE<\/strong><br \/><br \/>Tout le contenu du Site, incluant, de fa\u00e7on non limitative les graphismes, images, textes, vid\u00e9os, animations, sons, logos, gifs et ic\u00f4nes ainsi que leur mise en forme, sont la propri\u00e9t\u00e9 exclusive de la Soci\u00e9t\u00e9 \u00e0 l\u2019exception des marques, logos ou contenus appartenant \u00e0 d\u2019autres soci\u00e9t\u00e9s partenaires ou auteurs.<br \/><br \/>Toute reproduction, distribution, modification, adaptation, retransmission ou publication, m\u00eame partielle, de ces diff\u00e9rents \u00e9l\u00e9ments est strictement interdite sans l\u2019accord expr\u00e8s par \u00e9crit de l\u2019\u00c9diteur. <br \/><br \/>Cette repr\u00e9sentation ou reproduction, par quelque proc\u00e9d\u00e9 que ce soit, constitue une contrefa\u00e7on pouvant engager la responsabilit\u00e9 civile et p\u00e9nale du contrefacteur. <br \/><br \/><strong>ARTICLE 5 \u2013 MISE A JOUR DES INFORMATIONS<\/strong><br \/><br \/>L\u2019\u00c9diteur met en \u0153uvre tous les moyens pour assurer une information fiable et une mise \u00e0 jour fiable du Site. Toutefois, des erreurs ou omissions peuvent survenir. L\u2019Utilisateur devra donc s\u2019assurer de l\u2019exactitude des informations aupr\u00e8s de la Soci\u00e9t\u00e9, et signaler toutes modifications du site qu\u2019il jugerait utile. La Soci\u00e9t\u00e9 n\u2019est en aucun cas responsable de l\u2019utilisation faite de ces informations, et de tout pr\u00e9judice direct ou indirect pouvant en d\u00e9couler.<br \/><br \/><strong>ARTICLE 6 \u2013 LIENS HYPERTEXTES<\/strong><br \/><br \/>Le Site peut offrir liens vers d\u2019autres sites internet ou d\u2019autres ressources disponibles sur Internet. La Soci\u00e9t\u00e9 ne dispose d\u2019aucun moyen pour contr\u00f4ler les sites en connexion avec le Site et ne r\u00e9pond pas de la disponibilit\u00e9 de tels sites et sources externes, ni ne la garantit. <br \/><br \/>Elle ne peut \u00eatre tenue pour responsable de tout dommage, de quelque nature que ce soit, r\u00e9sultant du contenu de ces sites ou sources externes, et notamment des informations, produits ou services qu\u2019ils proposent, ou de tout usage qui peut \u00eatre fait de ces \u00e9l\u00e9ments. Les risques li\u00e9s \u00e0 cette utilisation incombent pleinement \u00e0 l\u2019internaute, qui doit se conformer \u00e0 leurs conditions d\u2019utilisation.<br \/><br \/>Les utilisateurs, les abonn\u00e9s et les visiteurs des sites Internet ne peuvent pas mettre en place un hyperlien en direction du Site sans l\u2019autorisation expresse et pr\u00e9alable de l\u2019\u00c9diteur. <br \/><br \/>Dans l\u2019hypoth\u00e8se o\u00f9 un Utilisateur souhaiterait mettre en place un lien hypertexte en direction du Site de la Soci\u00e9t\u00e9, il lui appartiendra d\u2019adresser un email \u00e0 l\u2019\u00c9diteur afin de formuler sa demande de mise en place d\u2019un hyperlien. L\u2019\u00c9diteur se r\u00e9serve le droit d\u2019accepter ou de refuser sans avoir \u00e0 en justifier sa d\u00e9cision.<br \/><br \/><strong>ARTICLE 7 \u2013 LITIGES<\/strong><br \/><br \/>Les pr\u00e9sentes conditions du Site sont r\u00e9gies par les lois marocaines et toute contestation ou litiges qui pourraient na\u00eetre de l\u2019interpr\u00e9tation ou de l\u2019ex\u00e9cution de celles-ci rel\u00e8vent de la comp\u00e9tence exclusive des tribunaux dont d\u00e9pend le si\u00e8ge social de la soci\u00e9t\u00e9. La langue de r\u00e9f\u00e9rence, pour le r\u00e8glement de contentieux \u00e9ventuels, est le fran\u00e7ais. <\/span><\/p>\t\t\t\t\t\t<\/div>\n\t\t\t\t<\/div>\n\t\t\t\t\t<\/div>\n\t\t\t\t<\/div>\n\t\t\t\t\t\t\t<\/div>","protected":false},"excerpt":{"rendered":"<p>Home En vigueur au 01\/10\/2023 La connexion et la navigation sur le Site https:\/\/parfel.ma\/ par l\u2019Utilisateur implique l\u2019acceptation int\u00e9grale et sans r\u00e9serve des pr\u00e9sentes Mentions L\u00e9gales. ARTICLE 1 &#8211; L&rsquo;EDITEUR L&rsquo;\u00e9dition du Site est assur\u00e9e par la Soci\u00e9t\u00e9 Parfel Systems Maroc, ci-apr\u00e8s \u00ab la Soci\u00e9t\u00e9 \u00bb, SARL au capital social de 1 000 000 MAD, [&hellip;]<\/p>","protected":false},"author":2,"featured_media":0,"parent":0,"menu_order":0,"comment_status":"closed","ping_status":"closed","template":"","meta":{"footnotes":""},"class_list":["post-1033","page","type-page","status-publish","hentry"],"yoast_head":"<!-- This site is optimized with the Yoast SEO plugin v26.3 - https:\/\/yoast.com\/wordpress\/plugins\/seo\/ -->\n<title>Mentions l\u00e9gales - Parfel.com<\/title>\n<meta name=\"robots\" content=\"index, follow, max-snippet:-1, max-image-preview:large, max-video-preview:-1\" \/>\n<link rel=\"canonical\" href=\"https:\/\/parfel.com\/en\/mentions-legales\/\" \/>\n<meta property=\"og:locale\" content=\"en_US\" \/>\n<meta property=\"og:type\" content=\"article\" \/>\n<meta property=\"og:title\" content=\"Mentions l\u00e9gales - Parfel.com\" \/>\n<meta property=\"og:description\" content=\"Home En vigueur au 01\/10\/2023 La connexion et la navigation sur le Site https:\/\/parfel.ma\/ par l\u2019Utilisateur implique l\u2019acceptation int\u00e9grale et sans r\u00e9serve des pr\u00e9sentes Mentions L\u00e9gales. ARTICLE 1 &#8211; L&rsquo;EDITEUR L&rsquo;\u00e9dition du Site est assur\u00e9e par la Soci\u00e9t\u00e9 Parfel Systems Maroc, ci-apr\u00e8s \u00ab la Soci\u00e9t\u00e9 \u00bb, SARL au capital social de 1 000 000 MAD, [&hellip;]\" \/>\n<meta property=\"og:url\" content=\"https:\/\/parfel.com\/en\/mentions-legales\/\" \/>\n<meta property=\"og:site_name\" content=\"Parfel.com\" \/>\n<meta property=\"article:publisher\" content=\"https:\/\/www.facebook.com\/parfel.systems.maroc\" \/>\n<meta property=\"article:modified_time\" content=\"2023-10-15T15:39:19+00:00\" \/>\n<meta name=\"twitter:card\" content=\"summary_large_image\" \/>\n<meta name=\"twitter:label1\" content=\"Est. reading time\" \/>\n\t<meta name=\"twitter:data1\" content=\"3 minutes\" \/>\n<script type=\"application\/ld+json\" class=\"yoast-schema-graph\">{\"@context\":\"https:\/\/schema.org\",\"@graph\":[{\"@type\":\"WebPage\",\"@id\":\"https:\/\/parfel.com\/mentions-legales\/\",\"url\":\"https:\/\/parfel.com\/mentions-legales\/\",\"name\":\"Mentions l\u00e9gales - Parfel.com\",\"isPartOf\":{\"@id\":\"https:\/\/parfel.com\/#website\"},\"datePublished\":\"2023-10-15T15:36:27+00:00\",\"dateModified\":\"2023-10-15T15:39:19+00:00\",\"breadcrumb\":{\"@id\":\"https:\/\/parfel.com\/mentions-legales\/#breadcrumb\"},\"inLanguage\":\"en-US\",\"potentialAction\":[{\"@type\":\"ReadAction\",\"target\":[\"https:\/\/parfel.com\/mentions-legales\/\"]}]},{\"@type\":\"BreadcrumbList\",\"@id\":\"https:\/\/parfel.com\/mentions-legales\/#breadcrumb\",\"itemListElement\":[{\"@type\":\"ListItem\",\"position\":1,\"name\":\"Accueil\",\"item\":\"https:\/\/parfel.com\/\"},{\"@type\":\"ListItem\",\"position\":2,\"name\":\"Mentions l\u00e9gales\"}]},{\"@type\":\"WebSite\",\"@id\":\"https:\/\/parfel.com\/#website\",\"url\":\"https:\/\/parfel.com\/\",\"name\":\"Parfel.com\",\"description\":\"Parfel Systems Maroc\",\"publisher\":{\"@id\":\"https:\/\/parfel.com\/#organization\"},\"potentialAction\":[{\"@type\":\"SearchAction\",\"target\":{\"@type\":\"EntryPoint\",\"urlTemplate\":\"https:\/\/parfel.com\/?s={search_term_string}\"},\"query-input\":{\"@type\":\"PropertyValueSpecification\",\"valueRequired\":true,\"valueName\":\"search_term_string\"}}],\"inLanguage\":\"en-US\"},{\"@type\":\"Organization\",\"@id\":\"https:\/\/parfel.com\/#organization\",\"name\":\"Parfel.com\",\"url\":\"https:\/\/parfel.com\/\",\"logo\":{\"@type\":\"ImageObject\",\"inLanguage\":\"en-US\",\"@id\":\"https:\/\/parfel.com\/#\/schema\/logo\/image\/\",\"url\":\"https:\/\/parfel.com\/wp-content\/uploads\/2025\/05\/PARFEL_LOGO_TR.png\",\"contentUrl\":\"https:\/\/parfel.com\/wp-content\/uploads\/2025\/05\/PARFEL_LOGO_TR.png\",\"width\":2000,\"height\":686,\"caption\":\"Parfel.com\"},\"image\":{\"@id\":\"https:\/\/parfel.com\/#\/schema\/logo\/image\/\"},\"sameAs\":[\"https:\/\/www.facebook.com\/parfel.systems.maroc\",\"https:\/\/www.instagram.com\/parfel_systems_maroc\/\",\"https:\/\/www.linkedin.com\/company\/parfel-systems-maroc\"]}]}<\/script>\n<!-- \/ Yoast SEO plugin. -->","yoast_head_json":{"title":"Mentions l\u00e9gales - Parfel.com","robots":{"index":"index","follow":"follow","max-snippet":"max-snippet:-1","max-image-preview":"max-image-preview:large","max-video-preview":"max-video-preview:-1"},"canonical":"https:\/\/parfel.com\/en\/mentions-legales\/","og_locale":"en_US","og_type":"article","og_title":"Mentions l\u00e9gales - Parfel.com","og_description":"Home En vigueur au 01\/10\/2023 La connexion et la navigation sur le Site https:\/\/parfel.ma\/ par l\u2019Utilisateur implique l\u2019acceptation int\u00e9grale et sans r\u00e9serve des pr\u00e9sentes Mentions L\u00e9gales. ARTICLE 1 &#8211; L&rsquo;EDITEUR L&rsquo;\u00e9dition du Site est assur\u00e9e par la Soci\u00e9t\u00e9 Parfel Systems Maroc, ci-apr\u00e8s \u00ab la Soci\u00e9t\u00e9 \u00bb, SARL au capital social de 1 000 000 MAD, [&hellip;]","og_url":"https:\/\/parfel.com\/en\/mentions-legales\/","og_site_name":"Parfel.com","article_publisher":"https:\/\/www.facebook.com\/parfel.systems.maroc","article_modified_time":"2023-10-15T15:39:19+00:00","twitter_card":"summary_large_image","twitter_misc":{"Est. reading time":"3 minutes"},"schema":{"@context":"https:\/\/schema.org","@graph":[{"@type":"WebPage","@id":"https:\/\/parfel.com\/mentions-legales\/","url":"https:\/\/parfel.com\/mentions-legales\/","name":"Mentions l\u00e9gales - Parfel.com","isPartOf":{"@id":"https:\/\/parfel.com\/#website"},"datePublished":"2023-10-15T15:36:27+00:00","dateModified":"2023-10-15T15:39:19+00:00","breadcrumb":{"@id":"https:\/\/parfel.com\/mentions-legales\/#breadcrumb"},"inLanguage":"en-US","potentialAction":[{"@type":"ReadAction","target":["https:\/\/parfel.com\/mentions-legales\/"]}]},{"@type":"BreadcrumbList","@id":"https:\/\/parfel.com\/mentions-legales\/#breadcrumb","itemListElement":[{"@type":"ListItem","position":1,"name":"Accueil","item":"https:\/\/parfel.com\/"},{"@type":"ListItem","position":2,"name":"Mentions l\u00e9gales"}]},{"@type":"WebSite","@id":"https:\/\/parfel.com\/#website","url":"https:\/\/parfel.com\/","name":"Parfel.com","description":"Parfel Systems Maroc","publisher":{"@id":"https:\/\/parfel.com\/#organization"},"potentialAction":[{"@type":"SearchAction","target":{"@type":"EntryPoint","urlTemplate":"https:\/\/parfel.com\/?s={search_term_string}"},"query-input":{"@type":"PropertyValueSpecification","valueRequired":true,"valueName":"search_term_string"}}],"inLanguage":"en-US"},{"@type":"Organization","@id":"https:\/\/parfel.com\/#organization","name":"Parfel.com","url":"https:\/\/parfel.com\/","logo":{"@type":"ImageObject","inLanguage":"en-US","@id":"https:\/\/parfel.com\/#\/schema\/logo\/image\/","url":"https:\/\/parfel.com\/wp-content\/uploads\/2025\/05\/PARFEL_LOGO_TR.png","contentUrl":"https:\/\/parfel.com\/wp-content\/uploads\/2025\/05\/PARFEL_LOGO_TR.png","width":2000,"height":686,"caption":"Parfel.com"},"image":{"@id":"https:\/\/parfel.com\/#\/schema\/logo\/image\/"},"sameAs":["https:\/\/www.facebook.com\/parfel.systems.maroc","https:\/\/www.instagram.com\/parfel_systems_maroc\/","https:\/\/www.linkedin.com\/company\/parfel-systems-maroc"]}]}},"_links":{"self":[{"href":"https:\/\/parfel.com\/en\/wp-json\/wp\/v2\/pages\/1033","targetHints":{"allow":["GET"]}}],"collection":[{"href":"https:\/\/parfel.com\/en\/wp-json\/wp\/v2\/pages"}],"about":[{"href":"https:\/\/parfel.com\/en\/wp-json\/wp\/v2\/types\/page"}],"author":[{"embeddable":true,"href":"https:\/\/parfel.com\/en\/wp-json\/wp\/v2\/users\/2"}],"replies":[{"embeddable":true,"href":"https:\/\/parfel.com\/en\/wp-json\/wp\/v2\/comments?post=1033"}],"version-history":[{"count":4,"href":"https:\/\/parfel.com\/en\/wp-json\/wp\/v2\/pages\/1033\/revisions"}],"predecessor-version":[{"id":1037,"href":"https:\/\/parfel.com\/en\/wp-json\/wp\/v2\/pages\/1033\/revisions\/1037"}],"wp:attachment":[{"href":"https:\/\/parfel.com\/en\/wp-json\/wp\/v2\/media?parent=1033"}],"curies":[{"name":"wp","href":"https:\/\/api.w.org\/{rel}","templated":true}]}}